{"id":192,"date":"2024-04-15T12:36:02","date_gmt":"2024-04-15T10:36:02","guid":{"rendered":"https:\/\/escudegrafica.com\/etiquetes\/"},"modified":"2024-06-26T10:34:28","modified_gmt":"2024-06-26T08:34:28","slug":"etiquetas","status":"publish","type":"page","link":"https:\/\/escudegrafica.com\/es\/etiquetas\/","title":{"rendered":"Etiquetas"},"content":{"rendered":"\t\t<div data-elementor-type=\"wp-page\" data-elementor-id=\"192\" class=\"elementor elementor-192\" data-elementor-post-type=\"page\">\n\t\t\t\t<div class=\"elementor-element elementor-element-88ab5b8 e-flex e-con-boxed e-con e-parent\" data-id=\"88ab5b8\" data-element_type=\"container\" data-settings=\"{&quot;background_background&quot;:&quot;classic&quot;}\">\n\t\t\t\t\t<div class=\"e-con-inner\">\n\t\t<div class=\"elementor-element elementor-element-cdf6560 e-flex e-con-boxed e-con e-child\" data-id=\"cdf6560\" data-element_type=\"container\">\n\t\t\t\t\t<div class=\"e-con-inner\">\n\t\t\t\t<div class=\"elementor-element elementor-element-572b182 elementor-widget elementor-widget-heading\" data-id=\"572b182\" data-element_type=\"widget\" data-widget_type=\"heading.default\">\n\t\t\t\t<div class=\"elementor-widget-container\">\n\t\t\t<h1 class=\"elementor-heading-title elementor-size-default\">ETIQUETAS PERSONALIZADAS<\/h1>\t\t<\/div>\n\t\t\t\t<\/div>\n\t\t\t\t\t<\/div>\n\t\t\t\t<\/div>\n\t\t\t\t\t<\/div>\n\t\t\t\t<\/div>\n\t\t<div class=\"elementor-element elementor-element-eef73b8 e-flex e-con-boxed e-con e-parent\" data-id=\"eef73b8\" data-element_type=\"container\" data-settings=\"{&quot;background_background&quot;:&quot;classic&quot;}\">\n\t\t\t\t\t<div class=\"e-con-inner\">\n\t\t<div class=\"elementor-element elementor-element-70563a9 e-con-full e-flex e-con e-child\" data-id=\"70563a9\" data-element_type=\"container\">\n\t\t\t\t<div class=\"elementor-element elementor-element-f35e5be elementor-widget elementor-widget-heading\" data-id=\"f35e5be\" data-element_type=\"widget\" data-widget_type=\"heading.default\">\n\t\t\t\t<div class=\"elementor-widget-container\">\n\t\t\t<h2 class=\"elementor-heading-title elementor-size-default\">ETIQUETAS DE COLA H\u00daMEDA<\/h2>\t\t<\/div>\n\t\t\t\t<\/div>\n\t\t\t\t<div class=\"elementor-element elementor-element-2535eed elementor-widget elementor-widget-text-editor\" data-id=\"2535eed\" data-element_type=\"widget\" data-widget_type=\"text-editor.default\">\n\t\t\t\t<div class=\"elementor-widget-container\">\n\t\t\t\t\t\t\t<p>Es la etiqueta cl\u00e1sica de papel a la que se a\u00f1ade el pegamento mec\u00e1nicamente en el momento de aplicar.<\/p><p>Se usa t\u00edpicamente para botellas de vidrio, frascos, latas y contenedores de pl\u00e1stico (PET, HDPE).<\/p>\t\t\t\t\t\t<\/div>\n\t\t\t\t<\/div>\n\t\t\t\t<\/div>\n\t\t<div class=\"elementor-element elementor-element-08b4732 e-con-full e-flex e-con e-child\" data-id=\"08b4732\" data-element_type=\"container\">\n\t\t\t\t<div class=\"elementor-element elementor-element-6330bb1 elementor-widget elementor-widget-gallery\" data-id=\"6330bb1\" data-element_type=\"widget\" data-settings=\"{&quot;gallery_layout&quot;:&quot;justified&quot;,&quot;ideal_row_height&quot;:{&quot;unit&quot;:&quot;px&quot;,&quot;size&quot;:195,&quot;sizes&quot;:[]},&quot;ideal_row_height_tablet&quot;:{&quot;unit&quot;:&quot;px&quot;,&quot;size&quot;:150,&quot;sizes&quot;:[]},&quot;ideal_row_height_mobile&quot;:{&quot;unit&quot;:&quot;px&quot;,&quot;size&quot;:150,&quot;sizes&quot;:[]},&quot;gap&quot;:{&quot;unit&quot;:&quot;px&quot;,&quot;size&quot;:10,&quot;sizes&quot;:[]},&quot;gap_tablet&quot;:{&quot;unit&quot;:&quot;px&quot;,&quot;size&quot;:10,&quot;sizes&quot;:[]},&quot;gap_mobile&quot;:{&quot;unit&quot;:&quot;px&quot;,&quot;size&quot;:10,&quot;sizes&quot;:[]},&quot;overlay_background&quot;:&quot;yes&quot;,&quot;content_hover_animation&quot;:&quot;fade-in&quot;}\" data-widget_type=\"gallery.default\">\n\t\t\t\t<div class=\"elementor-widget-container\">\n\t\t\t\t\t<div class=\"elementor-gallery__container\">\n\t\t\t\t\t\t\t<div class=\"e-gallery-item elementor-gallery-item elementor-animated-content\">\n\t\t\t\t\t<div class=\"e-gallery-image elementor-gallery-item__image\" data-thumbnail=\"https:\/\/escudegrafica.com\/wp-content\/uploads\/2024\/04\/img03.jpg\" data-width=\"517\" data-height=\"353\" aria-label=\"\" role=\"img\" ><\/div>\n\t\t\t\t\t\t\t\t\t\t\t<div class=\"elementor-gallery-item__overlay\"><\/div>\n\t\t\t\t\t\t\t\t\t\t\t\t\t\t<\/div>\n\t\t\t\t\t\t\t<div class=\"e-gallery-item elementor-gallery-item elementor-animated-content\">\n\t\t\t\t\t<div class=\"e-gallery-image elementor-gallery-item__image\" data-thumbnail=\"https:\/\/escudegrafica.com\/wp-content\/uploads\/2024\/04\/img02.jpg\" data-width=\"253\" data-height=\"304\" aria-label=\"\" role=\"img\" ><\/div>\n\t\t\t\t\t\t\t\t\t\t\t<div class=\"elementor-gallery-item__overlay\"><\/div>\n\t\t\t\t\t\t\t\t\t\t\t\t\t\t<\/div>\n\t\t\t\t\t<\/div>\n\t\t\t<\/div>\n\t\t\t\t<\/div>\n\t\t\t\t<\/div>\n\t\t\t\t\t<\/div>\n\t\t\t\t<\/div>\n\t\t<div class=\"elementor-element elementor-element-99826e8 e-flex e-con-boxed e-con e-parent\" data-id=\"99826e8\" data-element_type=\"container\" data-settings=\"{&quot;background_background&quot;:&quot;classic&quot;}\">\n\t\t\t\t\t<div class=\"e-con-inner\">\n\t\t<div class=\"elementor-element elementor-element-aaef72d e-con-full e-flex e-con e-child\" data-id=\"aaef72d\" data-element_type=\"container\">\n\t\t\t\t<div class=\"elementor-element elementor-element-8284256 elementor-widget elementor-widget-heading\" data-id=\"8284256\" data-element_type=\"widget\" data-widget_type=\"heading.default\">\n\t\t\t\t<div class=\"elementor-widget-container\">\n\t\t\t<h2 class=\"elementor-heading-title elementor-size-default\">ETIQUETAS AUTOADHESIVAS<\/h2>\t\t<\/div>\n\t\t\t\t<\/div>\n\t\t\t\t<div class=\"elementor-element elementor-element-7737bcb elementor-widget elementor-widget-text-editor\" data-id=\"7737bcb\" data-element_type=\"widget\" data-widget_type=\"text-editor.default\">\n\t\t\t\t<div class=\"elementor-widget-container\">\n\t\t\t\t\t\t\t<p>Las etiquetas autoadhesivas abren una amplia gama de posibilidades de decoraci\u00f3n con dise\u00f1os m\u00e1s creativos.<\/p><p>Ofrecemos diferentes materiales de papel y de film, desde film metalizado hasta polipropilenos.<\/p><p>Una gran ventaja de las etiquetas autoadhesivas es su resistencia a la humedad y el hielo, lo que asegura la calidad y la durabilidad en todo el trayecto hacia el cliente.<\/p><p>Aplicaci\u00f3n sobre cualquier botella o contenedor: vidrio, PET, PVC, etc.<\/p>\t\t\t\t\t\t<\/div>\n\t\t\t\t<\/div>\n\t\t\t\t<\/div>\n\t\t<div class=\"elementor-element elementor-element-47cd4d6 e-con-full e-flex e-con e-child\" data-id=\"47cd4d6\" data-element_type=\"container\">\n\t\t\t\t<div class=\"elementor-element elementor-element-78e7ec0 elementor-widget elementor-widget-gallery\" data-id=\"78e7ec0\" data-element_type=\"widget\" data-settings=\"{&quot;gallery_layout&quot;:&quot;justified&quot;,&quot;ideal_row_height&quot;:{&quot;unit&quot;:&quot;px&quot;,&quot;size&quot;:300,&quot;sizes&quot;:[]},&quot;ideal_row_height_tablet&quot;:{&quot;unit&quot;:&quot;px&quot;,&quot;size&quot;:234,&quot;sizes&quot;:[]},&quot;ideal_row_height_mobile&quot;:{&quot;unit&quot;:&quot;px&quot;,&quot;size&quot;:150,&quot;sizes&quot;:[]},&quot;gap&quot;:{&quot;unit&quot;:&quot;px&quot;,&quot;size&quot;:10,&quot;sizes&quot;:[]},&quot;gap_tablet&quot;:{&quot;unit&quot;:&quot;px&quot;,&quot;size&quot;:10,&quot;sizes&quot;:[]},&quot;gap_mobile&quot;:{&quot;unit&quot;:&quot;px&quot;,&quot;size&quot;:10,&quot;sizes&quot;:[]},&quot;overlay_background&quot;:&quot;yes&quot;,&quot;content_hover_animation&quot;:&quot;fade-in&quot;}\" data-widget_type=\"gallery.default\">\n\t\t\t\t<div class=\"elementor-widget-container\">\n\t\t\t\t\t<div class=\"elementor-gallery__container\">\n\t\t\t\t\t\t\t<div class=\"e-gallery-item elementor-gallery-item elementor-animated-content\">\n\t\t\t\t\t<div class=\"e-gallery-image elementor-gallery-item__image\" data-thumbnail=\"https:\/\/escudegrafica.com\/wp-content\/uploads\/2024\/04\/img04.jpg\" data-width=\"827\" data-height=\"1170\" aria-label=\"\" role=\"img\" ><\/div>\n\t\t\t\t\t\t\t\t\t\t\t<div class=\"elementor-gallery-item__overlay\"><\/div>\n\t\t\t\t\t\t\t\t\t\t\t\t\t\t<\/div>\n\t\t\t\t\t\t\t<div class=\"e-gallery-item elementor-gallery-item elementor-animated-content\">\n\t\t\t\t\t<div class=\"e-gallery-image elementor-gallery-item__image\" data-thumbnail=\"https:\/\/escudegrafica.com\/wp-content\/uploads\/2024\/04\/img05.jpg\" data-width=\"708\" data-height=\"1050\" aria-label=\"\" role=\"img\" ><\/div>\n\t\t\t\t\t\t\t\t\t\t\t<div class=\"elementor-gallery-item__overlay\"><\/div>\n\t\t\t\t\t\t\t\t\t\t\t\t\t\t<\/div>\n\t\t\t\t\t<\/div>\n\t\t\t<\/div>\n\t\t\t\t<\/div>\n\t\t\t\t<\/div>\n\t\t\t\t\t<\/div>\n\t\t\t\t<\/div>\n\t\t<div class=\"elementor-element elementor-element-5f5dad8 e-flex e-con-boxed e-con e-parent\" data-id=\"5f5dad8\" data-element_type=\"container\" data-settings=\"{&quot;background_background&quot;:&quot;classic&quot;}\">\n\t\t\t\t\t<div class=\"e-con-inner\">\n\t\t<div class=\"elementor-element elementor-element-557cb18 e-con-full e-flex e-con e-child\" data-id=\"557cb18\" data-element_type=\"container\">\n\t\t\t\t<div class=\"elementor-element elementor-element-1196463 elementor-widget elementor-widget-heading\" data-id=\"1196463\" data-element_type=\"widget\" data-widget_type=\"heading.default\">\n\t\t\t\t<div class=\"elementor-widget-container\">\n\t\t\t<h2 class=\"elementor-heading-title elementor-size-default\">ETIQUETAS MET\u00c1LICAS<\/h2>\t\t<\/div>\n\t\t\t\t<\/div>\n\t\t\t\t<div class=\"elementor-element elementor-element-1d66ceb elementor-widget elementor-widget-text-editor\" data-id=\"1d66ceb\" data-element_type=\"widget\" data-widget_type=\"text-editor.default\">\n\t\t\t\t<div class=\"elementor-widget-container\">\n\t\t\t\t\t\t\t<p>Presentamos una innovadora versi\u00f3n del etiquetado artesanal que le permitir\u00e1 aportar a su producto el valor a\u00f1adido de una presentaci\u00f3n exquisita y diferenciada.<\/p><p>Ofrecemos etiquetas adhesivas y flexibles, etiquetas de esta\u00f1o, de madera y de otros materiales, que se adaptan al formato de cualquier envase, especialmente adecuadas para vinos, cavas, aceites, cosm\u00e9ticos, perfumes y muchos otros productos.<\/p><p>Podemos adaptar su imagen corporativa a nuestros materiales o incluso proporcionarles dise\u00f1os personalizados a su gusto. Utilizar estos materiales supone aportar volumen y unos cambios de profundidad y textura que son impensables en una etiqueta com\u00fan.<\/p>\t\t\t\t\t\t<\/div>\n\t\t\t\t<\/div>\n\t\t\t\t<\/div>\n\t\t<div class=\"elementor-element elementor-element-d020edb e-con-full e-flex e-con e-child\" data-id=\"d020edb\" data-element_type=\"container\">\n\t\t\t\t<div class=\"elementor-element elementor-element-df577f3 elementor-widget elementor-widget-gallery\" data-id=\"df577f3\" data-element_type=\"widget\" data-settings=\"{&quot;gallery_layout&quot;:&quot;justified&quot;,&quot;ideal_row_height&quot;:{&quot;unit&quot;:&quot;px&quot;,&quot;size&quot;:300,&quot;sizes&quot;:[]},&quot;ideal_row_height_tablet&quot;:{&quot;unit&quot;:&quot;px&quot;,&quot;size&quot;:150,&quot;sizes&quot;:[]},&quot;ideal_row_height_mobile&quot;:{&quot;unit&quot;:&quot;px&quot;,&quot;size&quot;:150,&quot;sizes&quot;:[]},&quot;gap&quot;:{&quot;unit&quot;:&quot;px&quot;,&quot;size&quot;:10,&quot;sizes&quot;:[]},&quot;gap_tablet&quot;:{&quot;unit&quot;:&quot;px&quot;,&quot;size&quot;:10,&quot;sizes&quot;:[]},&quot;gap_mobile&quot;:{&quot;unit&quot;:&quot;px&quot;,&quot;size&quot;:10,&quot;sizes&quot;:[]},&quot;overlay_background&quot;:&quot;yes&quot;,&quot;content_hover_animation&quot;:&quot;fade-in&quot;}\" data-widget_type=\"gallery.default\">\n\t\t\t\t<div class=\"elementor-widget-container\">\n\t\t\t\t\t<div class=\"elementor-gallery__container\">\n\t\t\t\t\t\t\t<div class=\"e-gallery-item elementor-gallery-item elementor-animated-content\">\n\t\t\t\t\t<div class=\"e-gallery-image elementor-gallery-item__image\" data-thumbnail=\"https:\/\/escudegrafica.com\/wp-content\/uploads\/2024\/04\/img06.jpg\" data-width=\"369\" data-height=\"550\" aria-label=\"\" role=\"img\" ><\/div>\n\t\t\t\t\t\t\t\t\t\t\t<div class=\"elementor-gallery-item__overlay\"><\/div>\n\t\t\t\t\t\t\t\t\t\t\t\t\t\t<\/div>\n\t\t\t\t\t\t\t<div class=\"e-gallery-item elementor-gallery-item elementor-animated-content\">\n\t\t\t\t\t<div class=\"e-gallery-image elementor-gallery-item__image\" data-thumbnail=\"https:\/\/escudegrafica.com\/wp-content\/uploads\/2024\/04\/img07.jpg\" data-width=\"454\" data-height=\"303\" aria-label=\"\" role=\"img\" ><\/div>\n\t\t\t\t\t\t\t\t\t\t\t<div class=\"elementor-gallery-item__overlay\"><\/div>\n\t\t\t\t\t\t\t\t\t\t\t\t\t\t<\/div>\n\t\t\t\t\t<\/div>\n\t\t\t<\/div>\n\t\t\t\t<\/div>\n\t\t\t\t<\/div>\n\t\t\t\t\t<\/div>\n\t\t\t\t<\/div>\n\t\t\t\t<\/div>\n\t\t","protected":false},"excerpt":{"rendered":"<p>ETIQUETAS PERSONALIZADAS ETIQUETAS DE COLA H\u00daMEDA Es la etiqueta cl\u00e1sica de papel a la que se a\u00f1ade el pegamento mec\u00e1nicamente en el momento de aplicar. Se usa t\u00edpicamente para botellas de vidrio, frascos, latas y contenedores de pl\u00e1stico (PET, HDPE). ETIQUETAS AUTOADHESIVAS Las etiquetas autoadhesivas abren una amplia gama de posibilidades de decoraci\u00f3n con dise\u00f1os [&hellip;]<\/p>\n","protected":false},"author":1,"featured_media":0,"parent":0,"menu_order":3,"comment_status":"closed","ping_status":"closed","template":"","meta":{"rank_math_lock_modified_date":false,"footnotes":""},"class_list":["post-192","page","type-page","status-publish","hentry"],"_links":{"self":[{"href":"https:\/\/escudegrafica.com\/es\/wp-json\/wp\/v2\/pages\/192","targetHints":{"allow":["GET"]}}],"collection":[{"href":"https:\/\/escudegrafica.com\/es\/wp-json\/wp\/v2\/pages"}],"about":[{"href":"https:\/\/escudegrafica.com\/es\/wp-json\/wp\/v2\/types\/page"}],"author":[{"embeddable":true,"href":"https:\/\/escudegrafica.com\/es\/wp-json\/wp\/v2\/users\/1"}],"replies":[{"embeddable":true,"href":"https:\/\/escudegrafica.com\/es\/wp-json\/wp\/v2\/comments?post=192"}],"version-history":[{"count":29,"href":"https:\/\/escudegrafica.com\/es\/wp-json\/wp\/v2\/pages\/192\/revisions"}],"predecessor-version":[{"id":674,"href":"https:\/\/escudegrafica.com\/es\/wp-json\/wp\/v2\/pages\/192\/revisions\/674"}],"wp:attachment":[{"href":"https:\/\/escudegrafica.com\/es\/wp-json\/wp\/v2\/media?parent=192"}],"curies":[{"name":"wp","href":"https:\/\/api.w.org\/{rel}","templated":true}]}}