{"id":191,"date":"2024-04-22T19:08:49","date_gmt":"2024-04-22T17:08:49","guid":{"rendered":"https:\/\/escudegrafica.com\/estoigs\/"},"modified":"2024-10-06T18:46:43","modified_gmt":"2024-10-06T16:46:43","slug":"estuches","status":"publish","type":"page","link":"https:\/\/escudegrafica.com\/es\/estuches\/","title":{"rendered":"Estuches"},"content":{"rendered":"\t\t<div data-elementor-type=\"wp-page\" data-elementor-id=\"191\" class=\"elementor elementor-191\" data-elementor-post-type=\"page\">\n\t\t\t\t<div class=\"elementor-element elementor-element-1b184fe2 e-flex e-con-boxed e-con e-parent\" data-id=\"1b184fe2\" data-element_type=\"container\" data-settings=\"{&quot;background_background&quot;:&quot;classic&quot;}\">\n\t\t\t\t\t<div class=\"e-con-inner\">\n\t\t<div class=\"elementor-element elementor-element-6cb0d548 e-flex e-con-boxed e-con e-child\" data-id=\"6cb0d548\" data-element_type=\"container\">\n\t\t\t\t\t<div class=\"e-con-inner\">\n\t\t\t\t<div class=\"elementor-element elementor-element-3b79b45f elementor-widget elementor-widget-heading\" data-id=\"3b79b45f\" data-element_type=\"widget\" data-widget_type=\"heading.default\">\n\t\t\t\t<div class=\"elementor-widget-container\">\n\t\t\t<h1 class=\"elementor-heading-title elementor-size-default\">ESTUCHES<\/h1>\t\t<\/div>\n\t\t\t\t<\/div>\n\t\t\t\t\t<\/div>\n\t\t\t\t<\/div>\n\t\t\t\t\t<\/div>\n\t\t\t\t<\/div>\n\t\t<div class=\"elementor-element elementor-element-29f2cd16 e-flex e-con-boxed e-con e-parent\" data-id=\"29f2cd16\" data-element_type=\"container\" data-settings=\"{&quot;background_background&quot;:&quot;classic&quot;}\">\n\t\t\t\t\t<div class=\"e-con-inner\">\n\t\t<div class=\"elementor-element elementor-element-632e4aca e-con-full e-flex e-con e-child\" data-id=\"632e4aca\" data-element_type=\"container\">\n\t\t\t\t<div class=\"elementor-element elementor-element-9684c66 elementor-widget elementor-widget-heading\" data-id=\"9684c66\" data-element_type=\"widget\" data-widget_type=\"heading.default\">\n\t\t\t\t<div class=\"elementor-widget-container\">\n\t\t\t<h2 class=\"elementor-heading-title elementor-size-default\">ESTUCHE LATA<\/h2>\t\t<\/div>\n\t\t\t\t<\/div>\n\t\t\t\t<div class=\"elementor-element elementor-element-3889a936 elementor-widget elementor-widget-text-editor\" data-id=\"3889a936\" data-element_type=\"widget\" data-widget_type=\"text-editor.default\">\n\t\t\t\t<div class=\"elementor-widget-container\">\n\t\t\t\t\t\t\t<p>La competencia es cada vez mayor. Dest\u00e1cate de las otras marcas en el punto de venta con la ayuda de nuestros productos: carteles met\u00e1licos, carteles met\u00e1licos con formas, bandejas met\u00e1licas personalizadas, posavasos, cajas para hacer packs regalo&#8230;<\/p><p>Nuestros art\u00edculos promocionales aportar\u00e1n a tu marca una imagen fresca y atractiva. Nuestro objetivo es ofrecer un servicio completo con garant\u00eda de efectividad para cubrir las necesidades de nuestros clientes. En esta l\u00ednea, colaboramos en el desarrollo del dise\u00f1o, realizamos la fotomec\u00e1nica, fabricamos los productos y, en caso de ser necesario, ofrecemos alojamientos interiores y servicios de manipulaci\u00f3n, de tal forma que el producto queda preparado para salir directamente al mercado.<\/p>\t\t\t\t\t\t<\/div>\n\t\t\t\t<\/div>\n\t\t\t\t<\/div>\n\t\t<div class=\"elementor-element elementor-element-630973f1 e-con-full e-grid e-con e-child\" data-id=\"630973f1\" data-element_type=\"container\">\n\t\t\t\t<div class=\"elementor-element elementor-element-cdd7d9d elementor-widget elementor-widget-image\" data-id=\"cdd7d9d\" data-element_type=\"widget\" data-widget_type=\"image.default\">\n\t\t\t\t<div class=\"elementor-widget-container\">\n\t\t\t\t\t\t\t\t\t\t\t\t\t<img fetchpriority=\"high\" decoding=\"async\" width=\"800\" height=\"533\" src=\"https:\/\/escudegrafica.com\/wp-content\/uploads\/2024\/04\/img12.jpg\" class=\"attachment-full size-full wp-image-197\" alt=\"\" srcset=\"https:\/\/escudegrafica.com\/wp-content\/uploads\/2024\/04\/img12.jpg 800w, https:\/\/escudegrafica.com\/wp-content\/uploads\/2024\/04\/img12-300x200.jpg 300w, https:\/\/escudegrafica.com\/wp-content\/uploads\/2024\/04\/img12-768x512.jpg 768w\" sizes=\"(max-width: 800px) 100vw, 800px\" \/>\t\t\t\t\t\t\t\t\t\t\t\t\t<\/div>\n\t\t\t\t<\/div>\n\t\t\t\t<div class=\"elementor-element elementor-element-0d7fa6c elementor-widget elementor-widget-image\" data-id=\"0d7fa6c\" data-element_type=\"widget\" data-widget_type=\"image.default\">\n\t\t\t\t<div class=\"elementor-widget-container\">\n\t\t\t\t\t\t\t\t\t\t\t\t\t<img decoding=\"async\" width=\"600\" height=\"400\" src=\"https:\/\/escudegrafica.com\/wp-content\/uploads\/2024\/04\/img11.jpg\" class=\"attachment-full size-full wp-image-195\" alt=\"\" srcset=\"https:\/\/escudegrafica.com\/wp-content\/uploads\/2024\/04\/img11.jpg 600w, https:\/\/escudegrafica.com\/wp-content\/uploads\/2024\/04\/img11-300x200.jpg 300w\" sizes=\"(max-width: 600px) 100vw, 600px\" \/>\t\t\t\t\t\t\t\t\t\t\t\t\t<\/div>\n\t\t\t\t<\/div>\n\t\t\t\t<\/div>\n\t\t<div class=\"elementor-element elementor-element-1dc2544 e-con-full e-grid e-con e-child\" data-id=\"1dc2544\" data-element_type=\"container\">\n\t\t\t\t<div class=\"elementor-element elementor-element-90ddce2 elementor-widget elementor-widget-image\" data-id=\"90ddce2\" data-element_type=\"widget\" data-widget_type=\"image.default\">\n\t\t\t\t<div class=\"elementor-widget-container\">\n\t\t\t\t\t\t\t\t\t\t\t\t\t<img decoding=\"async\" width=\"438\" height=\"533\" src=\"https:\/\/escudegrafica.com\/wp-content\/uploads\/2024\/04\/img13-e1713884067861-1.jpg\" class=\"attachment-large size-large wp-image-293\" alt=\"\" srcset=\"https:\/\/escudegrafica.com\/wp-content\/uploads\/2024\/04\/img13-e1713884067861-1.jpg 438w, https:\/\/escudegrafica.com\/wp-content\/uploads\/2024\/04\/img13-e1713884067861-1-247x300.jpg 247w\" sizes=\"(max-width: 438px) 100vw, 438px\" \/>\t\t\t\t\t\t\t\t\t\t\t\t\t<\/div>\n\t\t\t\t<\/div>\n\t\t\t\t<div class=\"elementor-element elementor-element-2328f60 elementor-widget elementor-widget-image\" data-id=\"2328f60\" data-element_type=\"widget\" data-widget_type=\"image.default\">\n\t\t\t\t<div class=\"elementor-widget-container\">\n\t\t\t\t\t\t\t\t\t\t\t\t\t<img loading=\"lazy\" decoding=\"async\" width=\"800\" height=\"533\" src=\"https:\/\/escudegrafica.com\/wp-content\/uploads\/2024\/04\/img15.jpg\" class=\"attachment-full size-full wp-image-203\" alt=\"\" srcset=\"https:\/\/escudegrafica.com\/wp-content\/uploads\/2024\/04\/img15.jpg 800w, https:\/\/escudegrafica.com\/wp-content\/uploads\/2024\/04\/img15-300x200.jpg 300w, https:\/\/escudegrafica.com\/wp-content\/uploads\/2024\/04\/img15-768x512.jpg 768w\" sizes=\"(max-width: 800px) 100vw, 800px\" \/>\t\t\t\t\t\t\t\t\t\t\t\t\t<\/div>\n\t\t\t\t<\/div>\n\t\t\t\t<\/div>\n\t\t<div class=\"elementor-element elementor-element-46e5ef5 e-con-full e-flex e-con e-child\" data-id=\"46e5ef5\" data-element_type=\"container\">\n\t\t\t\t<div class=\"elementor-element elementor-element-53c5309 elementor-widget elementor-widget-text-editor\" data-id=\"53c5309\" data-element_type=\"widget\" data-widget_type=\"text-editor.default\">\n\t\t\t\t<div class=\"elementor-widget-container\">\n\t\t\t\t\t\t\t<p>Nuestros envases de lata aportan un valor a\u00f1adido a su producto. Le ayudar\u00e1n a diferenciarse de su competencia a trav\u00e9s de un packaging original y atractivo que atraer\u00e1 la atenci\u00f3n del consumidor.<\/p><p>El envase met\u00e1lico presume de ser ecol\u00f3gico, m\u00e1s que otros materiales, ya que es 100% reciclable. Sin embargo, el gran atractivo del envase provocar\u00e1 que sea constantemente reutilizado para diversos usos, siendo incluso objeto de coleccionismo, convirti\u00e9ndose as\u00ed en publicidad perenne de su producto en casa de su cliente.<\/p><p>Disponemos de una gran variedad de formatos, en funci\u00f3n del producto a envasar: cajas redondas, cajas ovaladas, cajas rectangulares, cajas cuadradas, pastilleros, etc.<\/p><p>Nuestras cajas decoradas est\u00e1n presentes en diversos sectores: alimentaci\u00f3n (galletas, chocolate, especias, caf\u00e9 y t\u00e9\u2026), bebidas, textil, calzado, ocio, cosm\u00e9tica, laboratorios y sector farmac\u00e9utico, promociones publicitarias, entre muchos otros.<\/p>\t\t\t\t\t\t<\/div>\n\t\t\t\t<\/div>\n\t\t\t\t<\/div>\n\t\t\t\t\t<\/div>\n\t\t\t\t<\/div>\n\t\t<div class=\"elementor-element elementor-element-4e9db04 e-flex e-con-boxed e-con e-parent\" data-id=\"4e9db04\" data-element_type=\"container\" data-settings=\"{&quot;background_background&quot;:&quot;classic&quot;}\">\n\t\t\t\t\t<div class=\"e-con-inner\">\n\t\t<div class=\"elementor-element elementor-element-32e63895 e-con-full e-flex e-con e-child\" data-id=\"32e63895\" data-element_type=\"container\">\n\t\t\t\t<div class=\"elementor-element elementor-element-21352fa8 elementor-widget elementor-widget-heading\" data-id=\"21352fa8\" data-element_type=\"widget\" data-widget_type=\"heading.default\">\n\t\t\t\t<div class=\"elementor-widget-container\">\n\t\t\t<h2 class=\"elementor-heading-title elementor-size-default\">ESTUCHE FOLDING<\/h2>\t\t<\/div>\n\t\t\t\t<\/div>\n\t\t\t\t<div class=\"elementor-element elementor-element-407a79ee elementor-widget elementor-widget-text-editor\" data-id=\"407a79ee\" data-element_type=\"widget\" data-widget_type=\"text-editor.default\">\n\t\t\t\t<div class=\"elementor-widget-container\">\n\t\t\t\t\t\t\t<p>Cuando hablamos de \u00abfolding\u00bb lo asociamos r\u00e1pidamente a un cart\u00f3n o material para poder imprimir y confeccionar un estuche. Pero la traducci\u00f3n de la palabra inglesa es plegable. Por este motivo, cuando hablamos de estuches \u00abfolding\u00bb, hablamos de estuches impresos sobre cart\u00f3n que se entregan plegados y listos para usar.<\/p><p>Para la fabricaci\u00f3n, podemos utilizar diferentes tipos de cartones y calidades, y tambi\u00e9n se pueden contracolar con otros materiales, dando m\u00e1s rigidez al estuche y mayor protecci\u00f3n al producto. Se puede imprimir a todo color, con estampado, con relieves y serigraf\u00eda.<\/p><p>En resumen, podemos darle cualquier acabado que sea similar a nuestras etiquetas.<\/p>\t\t\t\t\t\t<\/div>\n\t\t\t\t<\/div>\n\t\t\t\t<\/div>\n\t\t<div class=\"elementor-element elementor-element-2d7c6335 e-con-full e-flex e-con e-child\" data-id=\"2d7c6335\" data-element_type=\"container\">\n\t\t\t\t<div class=\"elementor-element elementor-element-301b70f elementor-widget elementor-widget-image\" data-id=\"301b70f\" data-element_type=\"widget\" data-widget_type=\"image.default\">\n\t\t\t\t<div class=\"elementor-widget-container\">\n\t\t\t\t\t\t\t\t\t\t\t\t\t<img loading=\"lazy\" decoding=\"async\" width=\"800\" height=\"525\" src=\"https:\/\/escudegrafica.com\/wp-content\/uploads\/2024\/04\/img20-1.jpg\" class=\"attachment-large size-large wp-image-279\" alt=\"\" srcset=\"https:\/\/escudegrafica.com\/wp-content\/uploads\/2024\/04\/img20-1.jpg 800w, https:\/\/escudegrafica.com\/wp-content\/uploads\/2024\/04\/img20-1-300x197.jpg 300w, https:\/\/escudegrafica.com\/wp-content\/uploads\/2024\/04\/img20-1-768x504.jpg 768w\" sizes=\"(max-width: 800px) 100vw, 800px\" \/>\t\t\t\t\t\t\t\t\t\t\t\t\t<\/div>\n\t\t\t\t<\/div>\n\t\t\t\t<\/div>\n\t\t<div class=\"elementor-element elementor-element-982962e e-con-full e-flex e-con e-child\" data-id=\"982962e\" data-element_type=\"container\">\n\t\t\t\t<div class=\"elementor-element elementor-element-6256468 elementor-widget elementor-widget-image\" data-id=\"6256468\" data-element_type=\"widget\" data-widget_type=\"image.default\">\n\t\t\t\t<div class=\"elementor-widget-container\">\n\t\t\t\t\t\t\t\t\t\t\t\t\t<img loading=\"lazy\" decoding=\"async\" width=\"2560\" height=\"562\" src=\"https:\/\/escudegrafica.com\/wp-content\/uploads\/2024\/04\/img20-scaled.jpg\" class=\"attachment-full size-full wp-image-253\" alt=\"\" srcset=\"https:\/\/escudegrafica.com\/wp-content\/uploads\/2024\/04\/img20-scaled.jpg 2560w, https:\/\/escudegrafica.com\/wp-content\/uploads\/2024\/04\/img20-300x66.jpg 300w, https:\/\/escudegrafica.com\/wp-content\/uploads\/2024\/04\/img20-1024x225.jpg 1024w, https:\/\/escudegrafica.com\/wp-content\/uploads\/2024\/04\/img20-768x169.jpg 768w, https:\/\/escudegrafica.com\/wp-content\/uploads\/2024\/04\/img20-1536x337.jpg 1536w, https:\/\/escudegrafica.com\/wp-content\/uploads\/2024\/04\/img20-2048x450.jpg 2048w\" sizes=\"(max-width: 2560px) 100vw, 2560px\" \/>\t\t\t\t\t\t\t\t\t\t\t\t\t<\/div>\n\t\t\t\t<\/div>\n\t\t\t\t<\/div>\n\t\t\t\t\t<\/div>\n\t\t\t\t<\/div>\n\t\t<div class=\"elementor-element elementor-element-5dfa46db e-flex e-con-boxed e-con e-parent\" data-id=\"5dfa46db\" data-element_type=\"container\" data-settings=\"{&quot;background_background&quot;:&quot;classic&quot;}\">\n\t\t\t\t\t<div class=\"e-con-inner\">\n\t\t<div class=\"elementor-element elementor-element-1910a46d e-con-full e-flex e-con e-child\" data-id=\"1910a46d\" data-element_type=\"container\">\n\t\t\t\t<div class=\"elementor-element elementor-element-5c089c1 elementor-widget elementor-widget-heading\" data-id=\"5c089c1\" data-element_type=\"widget\" data-widget_type=\"heading.default\">\n\t\t\t\t<div class=\"elementor-widget-container\">\n\t\t\t<h2 class=\"elementor-heading-title elementor-size-default\">ESTUCHE FORRADO<\/h2>\t\t<\/div>\n\t\t\t\t<\/div>\n\t\t\t\t<div class=\"elementor-element elementor-element-1aa620ba elementor-widget elementor-widget-text-editor\" data-id=\"1aa620ba\" data-element_type=\"widget\" data-widget_type=\"text-editor.default\">\n\t\t\t\t<div class=\"elementor-widget-container\">\n\t\t\t\t\t\t\t<p>Calidad, lujo y exclusividad es la imagen que transmite un estuche forrado. Utilizarlo es aumentar su prestigio. El estuche forrado est\u00e1 hecho de cart\u00f3n gris r\u00edgido recubierto de papel impreso o de papeles especiales para el forrado y encuadernaci\u00f3n.<\/p><p>Los acabados que se pueden realizar son los mismos que aplicamos a cualquier etiqueta: imprimir con cualquier tipo de tinta aplicando colores vivos y directos, stamping de cualquier tipo tanto en mate como brillante, y plastificar con cualquier pel\u00edcula del mercado y con cualquier tinta de serigraf\u00eda.<\/p><p>El resultado es que podemos poner su producto en el mercado con una homogeneidad completa entre producto, etiqueta y estuche.<\/p>\t\t\t\t\t\t<\/div>\n\t\t\t\t<\/div>\n\t\t\t\t<\/div>\n\t\t<div class=\"elementor-element elementor-element-35545fcf e-con-full e-flex e-con e-child\" data-id=\"35545fcf\" data-element_type=\"container\">\n\t\t\t\t<div class=\"elementor-element elementor-element-0c4a98e elementor-widget elementor-widget-image\" data-id=\"0c4a98e\" data-element_type=\"widget\" data-widget_type=\"image.default\">\n\t\t\t\t<div class=\"elementor-widget-container\">\n\t\t\t\t\t\t\t\t\t\t\t\t\t<img loading=\"lazy\" decoding=\"async\" width=\"800\" height=\"462\" src=\"https:\/\/escudegrafica.com\/wp-content\/uploads\/2024\/04\/img16.jpg\" class=\"attachment-full size-full wp-image-269\" alt=\"\" srcset=\"https:\/\/escudegrafica.com\/wp-content\/uploads\/2024\/04\/img16.jpg 800w, https:\/\/escudegrafica.com\/wp-content\/uploads\/2024\/04\/img16-300x173.jpg 300w, https:\/\/escudegrafica.com\/wp-content\/uploads\/2024\/04\/img16-768x444.jpg 768w\" sizes=\"(max-width: 800px) 100vw, 800px\" \/>\t\t\t\t\t\t\t\t\t\t\t\t\t<\/div>\n\t\t\t\t<\/div>\n\t\t\t\t<\/div>\n\t\t<div class=\"elementor-element elementor-element-85a9af8 e-con-full e-flex e-con e-child\" data-id=\"85a9af8\" data-element_type=\"container\">\n\t\t\t\t<div class=\"elementor-element elementor-element-31263d7 elementor-widget elementor-widget-image\" data-id=\"31263d7\" data-element_type=\"widget\" data-widget_type=\"image.default\">\n\t\t\t\t<div class=\"elementor-widget-container\">\n\t\t\t\t\t\t\t\t\t\t\t\t\t<img loading=\"lazy\" decoding=\"async\" width=\"800\" height=\"387\" src=\"https:\/\/escudegrafica.com\/wp-content\/uploads\/2024\/04\/img17-1024x495.png\" class=\"attachment-large size-large wp-image-271\" alt=\"\" srcset=\"https:\/\/escudegrafica.com\/wp-content\/uploads\/2024\/04\/img17-1024x495.png 1024w, https:\/\/escudegrafica.com\/wp-content\/uploads\/2024\/04\/img17-300x145.png 300w, https:\/\/escudegrafica.com\/wp-content\/uploads\/2024\/04\/img17-768x371.png 768w, https:\/\/escudegrafica.com\/wp-content\/uploads\/2024\/04\/img17-1536x742.png 1536w, https:\/\/escudegrafica.com\/wp-content\/uploads\/2024\/04\/img17-2048x989.png 2048w\" sizes=\"(max-width: 800px) 100vw, 800px\" \/>\t\t\t\t\t\t\t\t\t\t\t\t\t<\/div>\n\t\t\t\t<\/div>\n\t\t\t\t<\/div>\n\t\t\t\t\t<\/div>\n\t\t\t\t<\/div>\n\t\t\t\t<\/div>\n\t\t","protected":false},"excerpt":{"rendered":"<p>ESTUCHES ESTUCHE LATA La competencia es cada vez mayor. Dest\u00e1cate de las otras marcas en el punto de venta con la ayuda de nuestros productos: carteles met\u00e1licos, carteles met\u00e1licos con formas, bandejas met\u00e1licas personalizadas, posavasos, cajas para hacer packs regalo&#8230; Nuestros art\u00edculos promocionales aportar\u00e1n a tu marca una imagen fresca y atractiva. Nuestro objetivo es [&hellip;]<\/p>\n","protected":false},"author":1,"featured_media":0,"parent":0,"menu_order":2,"comment_status":"closed","ping_status":"closed","template":"","meta":{"rank_math_lock_modified_date":false,"footnotes":""},"class_list":["post-191","page","type-page","status-publish","hentry"],"_links":{"self":[{"href":"https:\/\/escudegrafica.com\/es\/wp-json\/wp\/v2\/pages\/191","targetHints":{"allow":["GET"]}}],"collection":[{"href":"https:\/\/escudegrafica.com\/es\/wp-json\/wp\/v2\/pages"}],"about":[{"href":"https:\/\/escudegrafica.com\/es\/wp-json\/wp\/v2\/types\/page"}],"author":[{"embeddable":true,"href":"https:\/\/escudegrafica.com\/es\/wp-json\/wp\/v2\/users\/1"}],"replies":[{"embeddable":true,"href":"https:\/\/escudegrafica.com\/es\/wp-json\/wp\/v2\/comments?post=191"}],"version-history":[{"count":77,"href":"https:\/\/escudegrafica.com\/es\/wp-json\/wp\/v2\/pages\/191\/revisions"}],"predecessor-version":[{"id":680,"href":"https:\/\/escudegrafica.com\/es\/wp-json\/wp\/v2\/pages\/191\/revisions\/680"}],"wp:attachment":[{"href":"https:\/\/escudegrafica.com\/es\/wp-json\/wp\/v2\/media?parent=191"}],"curies":[{"name":"wp","href":"https:\/\/api.w.org\/{rel}","templated":true}]}}